{"id":1026,"date":"2020-12-17T10:48:44","date_gmt":"2020-12-17T09:48:44","guid":{"rendered":"https:\/\/www.rcl-shop.at\/?post_type=product&#038;p=1026"},"modified":"2020-12-17T15:59:30","modified_gmt":"2020-12-17T14:59:30","slug":"mund-und-nasenschutzmasken","status":"publish","type":"product","link":"https:\/\/www.rcl-shop.at\/?product=mund-und-nasenschutzmasken","title":{"rendered":"Generation 5F \u00ae \u2013 \u00d6STERREICH Mund- und Nasenschutzmasken"},"content":{"rendered":"<div class=\"bi6gxh9e\"><span class=\"d2edcug0 hpfvmrgz qv66sw1b c1et5uql rrkovp55 jq4qci2q a3bd9o3v knj5qynh oo9gr5id\">Besteht aus hochwertigen Sportstoff mit stabilisierender Naht am oberen und unteren Rand f\u00fcr perfekten Sitz. Die B\u00e4nder werden hinter dem Kopf verbunden und dr\u00fcckt nicht hinter den Ohren!<\/span><\/div>\n<div>2 Designvarianten:\u00a0<span class=\"d2edcug0 hpfvmrgz qv66sw1b c1et5uql rrkovp55 jq4qci2q a3bd9o3v knj5qynh oo9gr5id\">Maske mit Aufgesticktem &#8222;5F&#8220; Logo und <\/span><span class=\"d2edcug0 hpfvmrgz qv66sw1b c1et5uql rrkovp55 jq4qci2q a3bd9o3v knj5qynh oo9gr5id\">Maske mit Aufgedrucktem &#8222;Generation 5F \u00d6sterreich&#8220;.<\/span><\/div>\n<div><span style=\"font-size: 15px; font-weight: 300;\">Die wiederverwendbaren Mund-Nasen-Masken sind handmade in Austria und in der \u00d6ffentlichkeit als Schutz verwendbar.<\/span><\/div>\n<div>\n<p>Keine FFP-Maske, es handelt sich um eine einfache Gesichtsmaske. Die den Zweck hat, Mund und Nase zu bedecken und eine Verteilung der Viren \u00fcber Tr\u00f6pfcheninfektion zu vermindern.<\/p>\n<\/div>\n","protected":false},"excerpt":{"rendered":"<p>Besteht aus hochwertigen Sportstoff mit stabilisierender Naht am oberen und unteren Rand f\u00fcr perfekten Sitz. Die B\u00e4nder werden hinter dem Kopf verbunden und dr\u00fcckt nicht hinter den Ohren! 2 Designvarianten:\u00a0Maske mit Aufgesticktem &#8222;5F&#8220; Logo und Maske mit Aufgedrucktem &#8222;Generation 5F <a class=\"more-link\" href=\"https:\/\/www.rcl-shop.at\/?product=mund-und-nasenschutzmasken\">weiterlesen  <span class=\"screen-reader-text\">  Generation 5F \u00ae \u2013 \u00d6STERREICH Mund- und Nasenschutzmasken<\/span><span class=\"meta-nav\">&rarr;<\/span><\/a><\/p>\n","protected":false},"featured_media":1028,"comment_status":"open","ping_status":"closed","template":"","meta":{"_themeisle_gutenberg_block_has_review":false},"product_brand":[],"product_cat":[19],"product_tag":[22],"class_list":{"0":"post-1026","1":"product","2":"type-product","3":"status-publish","4":"has-post-thumbnail","6":"product_cat-merchandise","7":"product_tag-mund-und-nasenschutzmasken","8":"product_shipping_class-ov","10":"first","11":"instock","12":"purchasable","13":"product-type-variable"},"jetpack_sharing_enabled":true,"_links":{"self":[{"href":"https:\/\/www.rcl-shop.at\/index.php?rest_route=\/wp\/v2\/product\/1026","targetHints":{"allow":["GET"]}}],"collection":[{"href":"https:\/\/www.rcl-shop.at\/index.php?rest_route=\/wp\/v2\/product"}],"about":[{"href":"https:\/\/www.rcl-shop.at\/index.php?rest_route=\/wp\/v2\/types\/product"}],"replies":[{"embeddable":true,"href":"https:\/\/www.rcl-shop.at\/index.php?rest_route=%2Fwp%2Fv2%2Fcomments&post=1026"}],"wp:featuredmedia":[{"embeddable":true,"href":"https:\/\/www.rcl-shop.at\/index.php?rest_route=\/wp\/v2\/media\/1028"}],"wp:attachment":[{"href":"https:\/\/www.rcl-shop.at\/index.php?rest_route=%2Fwp%2Fv2%2Fmedia&parent=1026"}],"wp:term":[{"taxonomy":"product_brand","embeddable":true,"href":"https:\/\/www.rcl-shop.at\/index.php?rest_route=%2Fwp%2Fv2%2Fproduct_brand&post=1026"},{"taxonomy":"product_cat","embeddable":true,"href":"https:\/\/www.rcl-shop.at\/index.php?rest_route=%2Fwp%2Fv2%2Fproduct_cat&post=1026"},{"taxonomy":"product_tag","embeddable":true,"href":"https:\/\/www.rcl-shop.at\/index.php?rest_route=%2Fwp%2Fv2%2Fproduct_tag&post=1026"}],"curies":[{"name":"wp","href":"https:\/\/api.w.org\/{rel}","templated":true}]}}