{"id":969,"date":"2020-05-03T20:12:05","date_gmt":"2020-05-03T18:12:05","guid":{"rendered":"https:\/\/www.rcl-shop.at\/?post_type=product&#038;p=969"},"modified":"2024-05-05T14:29:21","modified_gmt":"2024-05-05T12:29:21","slug":"generation-5f-oesterreich-spasskennzeichen","status":"publish","type":"product","link":"https:\/\/www.rcl-shop.at\/?product=generation-5f-oesterreich-spasskennzeichen","title":{"rendered":"Generation 5F \u00ae &#8211; \u00d6STERREICH\u00a0Spa\u00dfkennzeichen"},"content":{"rendered":"","protected":false},"excerpt":{"rendered":"<p>Spa\u00dfkennzeichen\u00a0mit Gruppenlogo im \u00f6sterr. Kennzeichenformat (12cm H\u00f6he)!<\/p>\n<p>Passend f\u00fcr handels\u00fcbliche Kennzeichenhalter mit Rahmen und Simple-Fix Halter (Sonderanfertigung f\u00fcr \u00d6sterreich).<\/p>\n<p>PVC-Platte bedruckt, matt. <a class=\"more-link\" href=\"https:\/\/www.rcl-shop.at\/?product=generation-5f-oesterreich-spasskennzeichen\">weiterlesen  <span class=\"screen-reader-text\">  Generation 5F \u00ae &#8211; \u00d6STERREICH\u00a0Spa\u00dfkennzeichen<\/span><span class=\"meta-nav\">&rarr;<\/span><\/a><\/p>\n","protected":false},"featured_media":971,"comment_status":"open","ping_status":"closed","template":"","meta":{"_themeisle_gutenberg_block_has_review":false},"product_brand":[],"product_cat":[15],"product_tag":[],"class_list":{"0":"post-969","1":"product","2":"type-product","3":"status-publish","4":"has-post-thumbnail","6":"product_cat-unkategorisiert","7":"product_shipping_class-v45","9":"first","10":"instock","11":"taxable","12":"shipping-taxable","13":"purchasable","14":"product-type-simple"},"jetpack_sharing_enabled":true,"_links":{"self":[{"href":"https:\/\/www.rcl-shop.at\/index.php?rest_route=\/wp\/v2\/product\/969","targetHints":{"allow":["GET"]}}],"collection":[{"href":"https:\/\/www.rcl-shop.at\/index.php?rest_route=\/wp\/v2\/product"}],"about":[{"href":"https:\/\/www.rcl-shop.at\/index.php?rest_route=\/wp\/v2\/types\/product"}],"replies":[{"embeddable":true,"href":"https:\/\/www.rcl-shop.at\/index.php?rest_route=%2Fwp%2Fv2%2Fcomments&post=969"}],"wp:featuredmedia":[{"embeddable":true,"href":"https:\/\/www.rcl-shop.at\/index.php?rest_route=\/wp\/v2\/media\/971"}],"wp:attachment":[{"href":"https:\/\/www.rcl-shop.at\/index.php?rest_route=%2Fwp%2Fv2%2Fmedia&parent=969"}],"wp:term":[{"taxonomy":"product_brand","embeddable":true,"href":"https:\/\/www.rcl-shop.at\/index.php?rest_route=%2Fwp%2Fv2%2Fproduct_brand&post=969"},{"taxonomy":"product_cat","embeddable":true,"href":"https:\/\/www.rcl-shop.at\/index.php?rest_route=%2Fwp%2Fv2%2Fproduct_cat&post=969"},{"taxonomy":"product_tag","embeddable":true,"href":"https:\/\/www.rcl-shop.at\/index.php?rest_route=%2Fwp%2Fv2%2Fproduct_tag&post=969"}],"curies":[{"name":"wp","href":"https:\/\/api.w.org\/{rel}","templated":true}]}}